{"id":1508,"date":"2021-08-26T05:20:14","date_gmt":"2021-08-26T05:20:14","guid":{"rendered":"https:\/\/soosantai.eu\/?page_id=1508"},"modified":"2024-03-10T10:00:06","modified_gmt":"2024-03-10T10:00:06","slug":"a-propos","status":"publish","type":"page","link":"https:\/\/soosantai.eu\/fr\/a-propos\/","title":{"rendered":"A propos"},"content":{"rendered":"\t\t<div data-elementor-type=\"wp-page\" data-elementor-id=\"1508\" class=\"elementor elementor-1508 elementor-1014\" data-elementor-post-type=\"page\">\n\t\t\t\t\t\t<section class=\"elementor-section elementor-top-section elementor-element elementor-element-be23e0 elementor-section-height-full elementor-section-content-middle elementor-section-full_width elementor-section-items-stretch elementor-reverse-mobile elementor-section-height-default parallax_section_no qode_elementor_container_no\" data-id=\"be23e0\" data-element_type=\"section\" data-settings=\"{&quot;background_background&quot;:&quot;classic&quot;}\">\n\t\t\t\t\t\t<div class=\"elementor-container elementor-column-gap-default\">\n\t\t\t\t\t<div class=\"elementor-column elementor-col-50 elementor-top-column elementor-element elementor-element-a37e9d\" data-id=\"a37e9d\" data-element_type=\"column\">\n\t\t\t<div class=\"elementor-widget-wrap elementor-element-populated\">\n\t\t\t\t\t\t<div class=\"elementor-element elementor-element-1494cd20 elementor-widget elementor-widget-heading\" data-id=\"1494cd20\" data-element_type=\"widget\" data-widget_type=\"heading.default\">\n\t\t\t\t<div class=\"elementor-widget-container\">\n\t\t\t<h1 class=\"elementor-heading-title elementor-size-default\">A Propos  Soo Santai<\/h1>\t\t<\/div>\n\t\t\t\t<\/div>\n\t\t\t\t<div class=\"elementor-element elementor-element-e4bb75c animated-slow elementor-invisible elementor-widget elementor-widget-heading\" data-id=\"e4bb75c\" data-element_type=\"widget\" data-settings=\"{&quot;_animation&quot;:&quot;fadeInDown&quot;}\" data-widget_type=\"heading.default\">\n\t\t\t\t<div class=\"elementor-widget-container\">\n\t\t\t<h6 class=\"elementor-heading-title elementor-size-default\">SOo SANTA\u00cf est une marque indon\u00e9sienne haut de gamme sp\u00e9cialis\u00e9e dans la conception et la production de poufs de luxe. La marque a \u00e9t\u00e9 fond\u00e9e en 2009 par un designer fran\u00e7ais actuellement bas\u00e9 \u00e0 Seminyak \u00e0 Bali. <br> <br>\nLa mission de SOO SANTA\u00cf est de fournir \u00e0 ses clients des poufs confortables et \u00e9l\u00e9gants fabriqu\u00e9s \u00e0 partir de mat\u00e9riaux de haute qualit\u00e9. Les bean bags de la marque sont con\u00e7us pour \u00eatre \u00e0 la fois confortables et esth\u00e9tiques. Chaque produit est soigneusement con\u00e7u pour s'assurer qu'il r\u00e9pond aux normes les plus \u00e9lev\u00e9es de qualit\u00e9 et de durabilit\u00e9.  <br> <br>\nLes bean bags SOO SANTA\u00cf sont disponibles dans une large gamme de couleurs afin que les clients puissent trouver le produit qui leur correspond. SOO SANTA\u00cf 'engage \u00e0 utiliser des mat\u00e9riaux respectueux de l'environnement dans la production de ses bean bags. La marque utilise autant que possible des mat\u00e9riaux recycl\u00e9s et tous ses produits sont con\u00e7us pour \u00eatre facilement recyclables.  <br> <br>\nSOO SANTA\u00cf est une marque synonyme de luxe, de qualit\u00e9 et de durabilit\u00e9. Son engagement \u00e0 utiliser des mat\u00e9riaux respectueux de l'environnement, combin\u00e9 \u00e0 son d\u00e9vouement \u00e0 un service client exceptionnel, en a fait un favori parmi les clients du monde entier.<\/h6>\t\t<\/div>\n\t\t\t\t<\/div>\n\t\t\t\t<div class=\"elementor-element elementor-element-53f810c0 elementor-align-center elementor-widget elementor-widget-button\" data-id=\"53f810c0\" data-element_type=\"widget\" data-widget_type=\"button.default\">\n\t\t\t\t<div class=\"elementor-widget-container\">\n\t\t\t\t\t<div class=\"elementor-button-wrapper\">\n\t\t\t<a class=\"elementor-button elementor-button-link elementor-size-lg\" href=\"https:\/\/soosantai.eu\/fr\/boutique-2\/\">\n\t\t\t\t\t\t<span class=\"elementor-button-content-wrapper\">\n\t\t\t\t\t\t<span class=\"elementor-button-text\">Nos Protuits<\/span>\n\t\t<\/span>\n\t\t\t\t\t<\/a>\n\t\t<\/div>\n\t\t\t\t<\/div>\n\t\t\t\t<\/div>\n\t\t\t\t\t<\/div>\n\t\t<\/div>\n\t\t\t\t<div class=\"elementor-column elementor-col-50 elementor-top-column elementor-element elementor-element-17f9b582\" data-id=\"17f9b582\" data-element_type=\"column\" data-settings=\"{&quot;background_background&quot;:&quot;classic&quot;}\">\n\t\t\t<div class=\"elementor-widget-wrap elementor-element-populated\">\n\t\t\t\t\t\t<div class=\"elementor-element elementor-element-12996709 elementor-widget elementor-widget-spacer\" data-id=\"12996709\" data-element_type=\"widget\" data-widget_type=\"spacer.default\">\n\t\t\t\t<div class=\"elementor-widget-container\">\n\t\t\t\t\t<div class=\"elementor-spacer\">\n\t\t\t<div class=\"elementor-spacer-inner\"><\/div>\n\t\t<\/div>\n\t\t\t\t<\/div>\n\t\t\t\t<\/div>\n\t\t\t\t\t<\/div>\n\t\t<\/div>\n\t\t\t\t\t<\/div>\n\t\t<\/section>\n\t\t\t\t<section class=\"elementor-section elementor-top-section elementor-element elementor-element-50f79c93 elementor-section-boxed elementor-section-height-default elementor-section-height-default parallax_section_no qode_elementor_container_no\" data-id=\"50f79c93\" data-element_type=\"section\">\n\t\t\t\t\t\t<div class=\"elementor-container elementor-column-gap-default\">\n\t\t\t\t\t<div class=\"elementor-column elementor-col-100 elementor-top-column elementor-element elementor-element-733b4c98\" data-id=\"733b4c98\" data-element_type=\"column\">\n\t\t\t<div class=\"elementor-widget-wrap elementor-element-populated\">\n\t\t\t\t\t\t<div class=\"elementor-element elementor-element-4ac3b109 elementor-widget elementor-widget-spacer\" data-id=\"4ac3b109\" data-element_type=\"widget\" data-widget_type=\"spacer.default\">\n\t\t\t\t<div class=\"elementor-widget-container\">\n\t\t\t\t\t<div class=\"elementor-spacer\">\n\t\t\t<div class=\"elementor-spacer-inner\"><\/div>\n\t\t<\/div>\n\t\t\t\t<\/div>\n\t\t\t\t<\/div>\n\t\t\t\t\t<\/div>\n\t\t<\/div>\n\t\t\t\t\t<\/div>\n\t\t<\/section>\n\t\t\t\t<\/div>\n\t\t","protected":false},"excerpt":{"rendered":"<p>A Propos Soo Santai SOo SANTA\u00cf est une marque indon\u00e9sienne haut de gamme sp\u00e9cialis\u00e9e dans la conception et la production de poufs de luxe. La marque a \u00e9t\u00e9 fond\u00e9e en 2009 par un designer fran\u00e7ais actuellement bas\u00e9 \u00e0 Seminyak \u00e0 Bali. La mission de SOO&#8230;<\/p>\n","protected":false},"author":1,"featured_media":0,"parent":0,"menu_order":0,"comment_status":"closed","ping_status":"closed","template":"elementor_header_footer","meta":{"pgc_meta":"","om_disable_all_campaigns":false,"_mi_skip_tracking":false,"_monsterinsights_sitenote_active":false,"_monsterinsights_sitenote_note":"","_monsterinsights_sitenote_category":0,"footnotes":""},"class_list":["post-1508","page","type-page","status-publish","hentry"],"aioseo_notices":[],"pgc_meta":"","_links":{"self":[{"href":"https:\/\/soosantai.eu\/fr\/wp-json\/wp\/v2\/pages\/1508","targetHints":{"allow":["GET"]}}],"collection":[{"href":"https:\/\/soosantai.eu\/fr\/wp-json\/wp\/v2\/pages"}],"about":[{"href":"https:\/\/soosantai.eu\/fr\/wp-json\/wp\/v2\/types\/page"}],"author":[{"embeddable":true,"href":"https:\/\/soosantai.eu\/fr\/wp-json\/wp\/v2\/users\/1"}],"replies":[{"embeddable":true,"href":"https:\/\/soosantai.eu\/fr\/wp-json\/wp\/v2\/comments?post=1508"}],"version-history":[{"count":47,"href":"https:\/\/soosantai.eu\/fr\/wp-json\/wp\/v2\/pages\/1508\/revisions"}],"predecessor-version":[{"id":5080,"href":"https:\/\/soosantai.eu\/fr\/wp-json\/wp\/v2\/pages\/1508\/revisions\/5080"}],"wp:attachment":[{"href":"https:\/\/soosantai.eu\/fr\/wp-json\/wp\/v2\/media?parent=1508"}],"curies":[{"name":"wp","href":"https:\/\/api.w.org\/{rel}","templated":true}]}}