{"id":4809,"date":"2023-04-02T12:38:30","date_gmt":"2023-04-02T12:38:30","guid":{"rendered":"https:\/\/soosantai.eu\/?page_id=4809"},"modified":"2023-04-02T12:39:33","modified_gmt":"2023-04-02T12:39:33","slug":"professional-revendeur","status":"publish","type":"page","link":"https:\/\/soosantai.eu\/fr\/professional-revendeur\/","title":{"rendered":"Professional &#038; Revendeur"},"content":{"rendered":"\t\t<div data-elementor-type=\"wp-page\" data-elementor-id=\"4809\" class=\"elementor elementor-4809 elementor-4547\" data-elementor-post-type=\"page\">\n\t\t\t\t\t\t<section class=\"elementor-section elementor-top-section elementor-element elementor-element-881210d elementor-section-height-min-height elementor-section-content-middle elementor-section-boxed elementor-section-height-default elementor-section-items-middle parallax_section_no qode_elementor_container_no\" data-id=\"881210d\" data-element_type=\"section\" data-settings=\"{&quot;background_background&quot;:&quot;slideshow&quot;,&quot;background_slideshow_gallery&quot;:[{&quot;id&quot;:4744,&quot;url&quot;:&quot;http:\\\/\\\/soosantai.eu\\\/wp-content\\\/uploads\\\/2023\\\/03\\\/F83C0455-2-2-scaled.jpg&quot;},{&quot;id&quot;:4741,&quot;url&quot;:&quot;http:\\\/\\\/soosantai.eu\\\/wp-content\\\/uploads\\\/2023\\\/03\\\/buddy_srest-set-villa-ambiance-fille-girl-boy-garcon-ocean-grey-gris-beige-1-3-scaled.jpg&quot;},{&quot;id&quot;:4738,&quot;url&quot;:&quot;http:\\\/\\\/soosantai.eu\\\/wp-content\\\/uploads\\\/2023\\\/03\\\/IMG_3763-scaled.jpg&quot;}],&quot;background_slideshow_ken_burns&quot;:&quot;yes&quot;,&quot;background_slideshow_slide_duration&quot;:3000,&quot;background_slideshow_transition_duration&quot;:1000,&quot;background_slideshow_loop&quot;:&quot;yes&quot;,&quot;background_slideshow_slide_transition&quot;:&quot;fade&quot;,&quot;background_slideshow_ken_burns_zoom_direction&quot;:&quot;in&quot;}\">\n\t\t\t\t\t\t\t<div class=\"elementor-background-overlay\"><\/div>\n\t\t\t\t\t\t\t<div class=\"elementor-container elementor-column-gap-no\">\n\t\t\t\t\t<div class=\"elementor-column elementor-col-100 elementor-top-column elementor-element elementor-element-2f5f2fc\" data-id=\"2f5f2fc\" data-element_type=\"column\">\n\t\t\t<div class=\"elementor-widget-wrap elementor-element-populated\">\n\t\t\t\t\t\t<div class=\"elementor-element elementor-element-1ccd142 elementor-widget elementor-widget-heading\" data-id=\"1ccd142\" data-element_type=\"widget\" data-widget_type=\"heading.default\">\n\t\t\t\t<div class=\"elementor-widget-container\">\n\t\t\t<h5 class=\"elementor-heading-title elementor-size-default\">Professional ? <\/h5>\t\t<\/div>\n\t\t\t\t<\/div>\n\t\t\t\t<div class=\"elementor-element elementor-element-0c30e9c elementor-widget elementor-widget-heading\" data-id=\"0c30e9c\" data-element_type=\"widget\" data-widget_type=\"heading.default\">\n\t\t\t\t<div class=\"elementor-widget-container\">\n\t\t\t<h2 class=\"elementor-heading-title elementor-size-default\">download  our brochure<\/h2>\t\t<\/div>\n\t\t\t\t<\/div>\n\t\t\t\t\t<\/div>\n\t\t<\/div>\n\t\t\t\t\t<\/div>\n\t\t<\/section>\n\t\t\t\t<section class=\"elementor-section elementor-top-section elementor-element elementor-element-f324476 elementor-section-boxed elementor-section-height-default elementor-section-height-default parallax_section_no qode_elementor_container_no\" data-id=\"f324476\" data-element_type=\"section\" data-settings=\"{&quot;background_background&quot;:&quot;classic&quot;}\">\n\t\t\t\t\t\t<div class=\"elementor-container elementor-column-gap-custom\">\n\t\t\t\t\t<div class=\"elementor-column elementor-col-100 elementor-top-column elementor-element elementor-element-7aedef1\" data-id=\"7aedef1\" data-element_type=\"column\">\n\t\t\t<div class=\"elementor-widget-wrap elementor-element-populated\">\n\t\t\t\t\t\t<div class=\"elementor-element elementor-element-3a70224 elementor-widget elementor-widget-heading\" data-id=\"3a70224\" data-element_type=\"widget\" data-widget_type=\"heading.default\">\n\t\t\t\t<div class=\"elementor-widget-container\">\n\t\t\t<h2 class=\"elementor-heading-title elementor-size-default\">Professional & Revendeur ? <\/h2>\t\t<\/div>\n\t\t\t\t<\/div>\n\t\t\t\t<section class=\"elementor-section elementor-inner-section elementor-element elementor-element-52a5679 elementor-section-boxed elementor-section-height-default elementor-section-height-default parallax_section_no qode_elementor_container_no\" data-id=\"52a5679\" data-element_type=\"section\" data-settings=\"{&quot;background_background&quot;:&quot;classic&quot;}\">\n\t\t\t\t\t\t<div class=\"elementor-container elementor-column-gap-custom\">\n\t\t\t\t\t<div class=\"elementor-column elementor-col-50 elementor-inner-column elementor-element elementor-element-749ab9d\" data-id=\"749ab9d\" data-element_type=\"column\">\n\t\t\t<div class=\"elementor-widget-wrap elementor-element-populated\">\n\t\t\t\t\t\t<div class=\"elementor-element elementor-element-702f935 elementor-widget elementor-widget-heading\" data-id=\"702f935\" data-element_type=\"widget\" data-widget_type=\"heading.default\">\n\t\t\t\t<div class=\"elementor-widget-container\">\n\t\t\t<h2 class=\"elementor-heading-title elementor-size-default\">TELECHARGER NOTRE BROCHURE<\/h2>\t\t<\/div>\n\t\t\t\t<\/div>\n\t\t\t\t<div class=\"elementor-element elementor-element-1514f1c elementor-widget elementor-widget-text-editor\" data-id=\"1514f1c\" data-element_type=\"widget\" data-widget_type=\"text-editor.default\">\n\t\t\t\t<div class=\"elementor-widget-container\">\n\t\t\t\t\t\t\tNous sommes heureux de vous offrir une brochure compl\u00e8te qui d\u00e9taille nos produits et services, afin que vous puissiez avoir une vue d&#8217;ensemble claire de ce que nous avons \u00e0 offrir. Cette brochure est disponible en t\u00e9l\u00e9chargement gratuit sur notre site web. Nous esp\u00e9rons que cela vous donnera une id\u00e9e de l&#8217;\u00e9tendue de nos offres, mais n&#8217;h\u00e9sitez pas \u00e0 nous contacter pour discuter de vos besoins sp\u00e9cifiques.\t\t\t\t\t\t<\/div>\n\t\t\t\t<\/div>\n\t\t\t\t<div class=\"elementor-element elementor-element-3a12325 elementor-align-left elementor-widget elementor-widget-button\" data-id=\"3a12325\" data-element_type=\"widget\" data-widget_type=\"button.default\">\n\t\t\t\t<div class=\"elementor-widget-container\">\n\t\t\t\t\t<div class=\"elementor-button-wrapper\">\n\t\t\t<a class=\"elementor-button elementor-button-link elementor-size-sm\" href=\"http:\/\/soosantai.eu\/wp-content\/uploads\/2023\/03\/Catalogue-Soo-Santai-VF.pdf\">\n\t\t\t\t\t\t<span class=\"elementor-button-content-wrapper\">\n\t\t\t\t\t\t<span class=\"elementor-button-text\">Telecharger<\/span>\n\t\t<\/span>\n\t\t\t\t\t<\/a>\n\t\t<\/div>\n\t\t\t\t<\/div>\n\t\t\t\t<\/div>\n\t\t\t\t\t<\/div>\n\t\t<\/div>\n\t\t\t\t<div class=\"elementor-column elementor-col-50 elementor-inner-column elementor-element elementor-element-ca32db2\" data-id=\"ca32db2\" data-element_type=\"column\">\n\t\t\t<div class=\"elementor-widget-wrap elementor-element-populated\">\n\t\t\t\t\t\t<div class=\"elementor-element elementor-element-b8f4dc5 elementor-widget elementor-widget-image\" data-id=\"b8f4dc5\" data-element_type=\"widget\" data-widget_type=\"image.default\">\n\t\t\t\t<div class=\"elementor-widget-container\">\n\t\t\t\t\t\t\t\t\t\t\t\t\t<img fetchpriority=\"high\" decoding=\"async\" width=\"1024\" height=\"576\" src=\"https:\/\/soosantai.eu\/wp-content\/uploads\/2023\/04\/F83C0455-2-scaled-2-1024x576.jpg\" class=\"attachment-large size-large wp-image-4801\" alt=\"\" srcset=\"https:\/\/soosantai.eu\/wp-content\/uploads\/2023\/04\/F83C0455-2-scaled-2-1024x576.jpg 1024w, https:\/\/soosantai.eu\/wp-content\/uploads\/2023\/04\/F83C0455-2-scaled-2-300x169.jpg 300w, https:\/\/soosantai.eu\/wp-content\/uploads\/2023\/04\/F83C0455-2-scaled-2-768x432.jpg 768w, https:\/\/soosantai.eu\/wp-content\/uploads\/2023\/04\/F83C0455-2-scaled-2-1536x864.jpg 1536w, https:\/\/soosantai.eu\/wp-content\/uploads\/2023\/04\/F83C0455-2-scaled-2-2048x1152.jpg 2048w, https:\/\/soosantai.eu\/wp-content\/uploads\/2023\/04\/F83C0455-2-scaled-2-700x394.jpg 700w, https:\/\/soosantai.eu\/wp-content\/uploads\/2023\/04\/F83C0455-2-scaled-2-539x303.jpg 539w, https:\/\/soosantai.eu\/wp-content\/uploads\/2023\/04\/F83C0455-2-scaled-2-600x338.jpg 600w\" sizes=\"(max-width: 1024px) 100vw, 1024px\" \/>\t\t\t\t\t\t\t\t\t\t\t\t\t<\/div>\n\t\t\t\t<\/div>\n\t\t\t\t\t<\/div>\n\t\t<\/div>\n\t\t\t\t\t<\/div>\n\t\t<\/section>\n\t\t\t\t\t<\/div>\n\t\t<\/div>\n\t\t\t\t\t<\/div>\n\t\t<\/section>\n\t\t\t\t<\/div>\n\t\t","protected":false},"excerpt":{"rendered":"<p>Professional ? download our brochure Professional &#038; Revendeur ? TELECHARGER NOTRE BROCHURE Nous sommes heureux de vous offrir une brochure compl\u00e8te qui d\u00e9taille nos produits et services, afin que vous puissiez avoir une vue d&#8217;ensemble claire de ce que nous avons \u00e0 offrir. Cette brochure&#8230;<\/p>\n","protected":false},"author":2,"featured_media":0,"parent":0,"menu_order":0,"comment_status":"closed","ping_status":"closed","template":"elementor_header_footer","meta":{"pgc_meta":"","om_disable_all_campaigns":false,"_mi_skip_tracking":false,"_monsterinsights_sitenote_active":false,"_monsterinsights_sitenote_note":"","_monsterinsights_sitenote_category":0,"footnotes":""},"class_list":["post-4809","page","type-page","status-publish","hentry"],"aioseo_notices":[],"pgc_meta":"","_links":{"self":[{"href":"https:\/\/soosantai.eu\/fr\/wp-json\/wp\/v2\/pages\/4809","targetHints":{"allow":["GET"]}}],"collection":[{"href":"https:\/\/soosantai.eu\/fr\/wp-json\/wp\/v2\/pages"}],"about":[{"href":"https:\/\/soosantai.eu\/fr\/wp-json\/wp\/v2\/types\/page"}],"author":[{"embeddable":true,"href":"https:\/\/soosantai.eu\/fr\/wp-json\/wp\/v2\/users\/2"}],"replies":[{"embeddable":true,"href":"https:\/\/soosantai.eu\/fr\/wp-json\/wp\/v2\/comments?post=4809"}],"version-history":[{"count":4,"href":"https:\/\/soosantai.eu\/fr\/wp-json\/wp\/v2\/pages\/4809\/revisions"}],"predecessor-version":[{"id":4813,"href":"https:\/\/soosantai.eu\/fr\/wp-json\/wp\/v2\/pages\/4809\/revisions\/4813"}],"wp:attachment":[{"href":"https:\/\/soosantai.eu\/fr\/wp-json\/wp\/v2\/media?parent=4809"}],"curies":[{"name":"wp","href":"https:\/\/api.w.org\/{rel}","templated":true}]}}