{"id":2788,"date":"2021-08-16T07:08:00","date_gmt":"2021-08-16T07:08:00","guid":{"rendered":"https:\/\/soosantai.eu\/product\/big-mama-straps-outdoor\/"},"modified":"2024-07-30T08:04:08","modified_gmt":"2024-07-30T08:04:08","slug":"big-mama-straps-outdoor","status":"publish","type":"product","link":"https:\/\/soosantai.eu\/fr\/produit\/big-mama-straps-outdoor\/","title":{"rendered":"Big Mama a Sangles Ext\u00e9rieur"},"content":{"rendered":"<p>Gr\u00e2ce \u00e0 ses deux sangles r\u00e9glables, le Big Mama, Bean Bag Chair, vous apportera le confort optimal sur votre terrasse ou dans votre jardin. Ce SOO SANTA\u00cf vous offre plusieurs configurations : pour une ou deux personnes, assise haute ou assise basse, assis ou allong\u00e9, c\u2019est vous qui d\u00e9cidez !<\/p>\n","protected":false},"excerpt":{"rendered":"<p style=\"text-align: center;\"><strong>Inclus 0,60 \u20ac de taxe \u00e9cologique.<br \/>\nPrix indiqu\u00e9 incluant les billes et la livraison<br \/>\n<\/strong><\/p>\n<div style=\"text-align: center;\"><a class=\"link-highlight\" href=\"https:\/\/soosantai.eu\/fr\/santai-club\/\"><u>Voir Notre Gall\u00e9rie <\/u><\/a><\/div>\n<p>Gr\u00e2ce \u00e0 ses deux sangles r\u00e9glables, le Big Mama, vous apportera le confort optimal sur votre terrasse ou dans votre jardin. Ce SOO SANTA\u00cf, bean bag chair, vous offre plusieurs configurations : pour une ou deux personnes, assise haute ou assise basse, assis ou allong\u00e9, c\u2019est vous qui d\u00e9cidez !<br \/>\n<a href=\"http:\/\/soosantai.eu\/wp-content\/uploads\/2021\/08\/square-tanpa-nama-06-e1612763654790.png\"><img fetchpriority=\"high\" decoding=\"async\" class=\"size-medium wp-image-740 aligncenter\" src=\"http:\/\/soosantai.eu\/wp-content\/uploads\/2021\/08\/square-tanpa-nama-06-e1612763654790-300x231.png\" alt=\"\" width=\"300\" height=\"231\" srcset=\"https:\/\/soosantai.eu\/wp-content\/uploads\/2021\/08\/square-tanpa-nama-06-e1612763654790-300x231.png 300w, https:\/\/soosantai.eu\/wp-content\/uploads\/2021\/08\/square-tanpa-nama-06-e1612763654790-600x462.png 600w, https:\/\/soosantai.eu\/wp-content\/uploads\/2021\/08\/square-tanpa-nama-06-e1612763654790-1024x788.png 1024w, https:\/\/soosantai.eu\/wp-content\/uploads\/2021\/08\/square-tanpa-nama-06-e1612763654790-768x591.png 768w, https:\/\/soosantai.eu\/wp-content\/uploads\/2021\/08\/square-tanpa-nama-06-e1612763654790-1536x1182.png 1536w, https:\/\/soosantai.eu\/wp-content\/uploads\/2021\/08\/square-tanpa-nama-06-e1612763654790-2048x1577.png 2048w, https:\/\/soosantai.eu\/wp-content\/uploads\/2021\/08\/square-tanpa-nama-06-e1612763654790-700x539.png 700w\" sizes=\"(max-width: 300px) 100vw, 300px\" \/><\/a><\/p>\n","protected":false},"featured_media":1734,"comment_status":"open","ping_status":"closed","template":"","meta":{"pgc_meta":"","om_disable_all_campaigns":false,"_mi_skip_tracking":false,"_monsterinsights_sitenote_active":false,"_monsterinsights_sitenote_note":"","_monsterinsights_sitenote_category":0},"product_cat":[77,91],"product_tag":[],"class_list":{"0":"post-2788","1":"product","2":"type-product","3":"status-publish","4":"has-post-thumbnail","6":"product_cat-exterieur","7":"product_cat-interieur","9":"first","10":"instock","11":"sale","12":"shipping-taxable","13":"purchasable","14":"product-type-variable"},"aioseo_notices":[],"_links":{"self":[{"href":"https:\/\/soosantai.eu\/fr\/wp-json\/wp\/v2\/product\/2788","targetHints":{"allow":["GET"]}}],"collection":[{"href":"https:\/\/soosantai.eu\/fr\/wp-json\/wp\/v2\/product"}],"about":[{"href":"https:\/\/soosantai.eu\/fr\/wp-json\/wp\/v2\/types\/product"}],"replies":[{"embeddable":true,"href":"https:\/\/soosantai.eu\/fr\/wp-json\/wp\/v2\/comments?post=2788"}],"version-history":[{"count":5,"href":"https:\/\/soosantai.eu\/fr\/wp-json\/wp\/v2\/product\/2788\/revisions"}],"predecessor-version":[{"id":3871,"href":"https:\/\/soosantai.eu\/fr\/wp-json\/wp\/v2\/product\/2788\/revisions\/3871"}],"wp:featuredmedia":[{"embeddable":true,"href":"https:\/\/soosantai.eu\/fr\/wp-json\/wp\/v2\/media\/1734"}],"wp:attachment":[{"href":"https:\/\/soosantai.eu\/fr\/wp-json\/wp\/v2\/media?parent=2788"}],"wp:term":[{"taxonomy":"product_cat","embeddable":true,"href":"https:\/\/soosantai.eu\/fr\/wp-json\/wp\/v2\/product_cat?post=2788"},{"taxonomy":"product_tag","embeddable":true,"href":"https:\/\/soosantai.eu\/fr\/wp-json\/wp\/v2\/product_tag?post=2788"}],"curies":[{"name":"wp","href":"https:\/\/api.w.org\/{rel}","templated":true}]}}