{"id":3473,"date":"2021-08-16T07:03:51","date_gmt":"2021-08-16T07:03:51","guid":{"rendered":"https:\/\/soosantai.eu\/product\/lazy-bro-indoor\/"},"modified":"2024-07-30T08:09:50","modified_gmt":"2024-07-30T08:09:50","slug":"lazy-bro-indoor","status":"publish","type":"product","link":"https:\/\/soosantai.eu\/fr\/produit\/lazy-bro-indoor\/","title":{"rendered":"Lazy Bro Int\u00e9rieur"},"content":{"rendered":"<p style=\"text-align: center;\"><strong>Inclus 0,60 \u20ac de taxe \u00e9cologique.<\/strong><\/p>\n<div style=\"text-align: center;\"><u>Prix indiqu\u00e9 incluant les haricots et la livraison *<\/u><\/div>\n<div style=\"text-align: center;\"><a class=\"link-highlight\" href=\"https:\/\/soosantai.eu\/fr\/santai-club\/\"><u>Voir Notre Gall\u00e9rie<\/u><\/a><\/div>\n<p style=\"text-align: center;\">Le &#8220;must&#8221; dans la gamme SOO SANTA\u00cf, le LAZY BRO indoor, avec son agencement de couleurs s\u2019int\u00e9grerait parfaitement \u00e0 votre int\u00e9rieur, qu\u2019il soit classique ou plus moderne. Avec ses poign\u00e9es tendances et ses surpiq\u00fbres, ce SANTA\u00cf tendance, Bean Bag Chair trouverait certainement sa place dans votre int\u00e9rieur.<\/p>\n","protected":false},"excerpt":{"rendered":"<p style=\"text-align: center;\"><strong>Inclus 0,60 \u20ac de taxe \u00e9cologique.<\/strong><\/p>\n<div style=\"text-align: center;\"><u>Prix indiqu\u00e9 incluant les haricots et la livraison *<\/u><\/div>\n<div style=\"text-align: center;\"><a class=\"link-highlight\" href=\"https:\/\/soosantai.eu\/fr\/santai-club\/\"><u>Voir Notre Gall\u00e9rie<\/u><\/a><\/div>\n<p style=\"text-align: center;\">Le &#8220;must&#8221; dans la gamme SOO SANTA\u00cf, le LAZY BRO indoor, avec son agencement de couleurs s\u2019int\u00e9grerait parfaitement \u00e0 votre int\u00e9rieur, qu\u2019il soit classique ou plus moderne. Avec ses poign\u00e9es tendances et ses surpiq\u00fbres, ce SANTA\u00cf tendance, Bean Bag Chair trouverait certainement sa place dans votre int\u00e9rieur.<\/p>\n","protected":false},"featured_media":3476,"comment_status":"open","ping_status":"closed","template":"","meta":{"pgc_meta":"","om_disable_all_campaigns":false,"_mi_skip_tracking":false,"_monsterinsights_sitenote_active":false,"_monsterinsights_sitenote_note":"","_monsterinsights_sitenote_category":0},"product_cat":[91],"product_tag":[],"class_list":{"0":"post-3473","1":"product","2":"type-product","3":"status-publish","4":"has-post-thumbnail","6":"product_cat-interieur","8":"first","9":"instock","10":"sale","11":"shipping-taxable","12":"purchasable","13":"product-type-variable"},"aioseo_notices":[],"_links":{"self":[{"href":"https:\/\/soosantai.eu\/fr\/wp-json\/wp\/v2\/product\/3473","targetHints":{"allow":["GET"]}}],"collection":[{"href":"https:\/\/soosantai.eu\/fr\/wp-json\/wp\/v2\/product"}],"about":[{"href":"https:\/\/soosantai.eu\/fr\/wp-json\/wp\/v2\/types\/product"}],"replies":[{"embeddable":true,"href":"https:\/\/soosantai.eu\/fr\/wp-json\/wp\/v2\/comments?post=3473"}],"version-history":[{"count":3,"href":"https:\/\/soosantai.eu\/fr\/wp-json\/wp\/v2\/product\/3473\/revisions"}],"predecessor-version":[{"id":4968,"href":"https:\/\/soosantai.eu\/fr\/wp-json\/wp\/v2\/product\/3473\/revisions\/4968"}],"wp:featuredmedia":[{"embeddable":true,"href":"https:\/\/soosantai.eu\/fr\/wp-json\/wp\/v2\/media\/3476"}],"wp:attachment":[{"href":"https:\/\/soosantai.eu\/fr\/wp-json\/wp\/v2\/media?parent=3473"}],"wp:term":[{"taxonomy":"product_cat","embeddable":true,"href":"https:\/\/soosantai.eu\/fr\/wp-json\/wp\/v2\/product_cat?post=3473"},{"taxonomy":"product_tag","embeddable":true,"href":"https:\/\/soosantai.eu\/fr\/wp-json\/wp\/v2\/product_tag?post=3473"}],"curies":[{"name":"wp","href":"https:\/\/api.w.org\/{rel}","templated":true}]}}