{"id":3490,"date":"2021-08-16T07:03:46","date_gmt":"2021-08-16T07:03:46","guid":{"rendered":"https:\/\/soosantai.eu\/product\/lazy-bro-outdoor\/"},"modified":"2024-07-30T08:12:08","modified_gmt":"2024-07-30T08:12:08","slug":"lazy-bro-outdoor","status":"publish","type":"product","link":"https:\/\/soosantai.eu\/fr\/produit\/lazy-bro-outdoor\/","title":{"rendered":"Lazy Bro Ext\u00e9rieur"},"content":{"rendered":"<p style=\"text-align: center;\"><strong>Inclus 0,60 \u20ac de taxe \u00e9cologique.<\/strong><\/p>\n<div style=\"text-align: center;\"><u>Prix indiqu\u00e9 incluant les billes de polysturene et la livraison *<\/u><\/div>\n<div style=\"text-align: center;\"><a class=\"link-highlight\" href=\"https:\/\/soosantai.eu\/fr\/santai-club\/\"><u>Voir Notre Gall\u00e9rie<\/u><\/a><\/div>\n<p style=\"text-align: center;\">SOO SANTA\u00cf relax par excellence, le LAZY BRO Ext\u00e9rieur est parfait pour se d\u00e9tendre dans votre jardin, sur votre terrasse ou sur votre balcon gr\u00e2ce \u00e0 son faible encombrement. Sa position SOOOO relax vous assure un repos in\u00e9gal\u00e9\u2026saurez-vous seulement y \u00e9chapper ?<\/p>\n","protected":false},"excerpt":{"rendered":"<p style=\"text-align: center;\"><strong>Inclus 0,60 \u20ac de taxe \u00e9cologique.<\/strong><\/p>\n<div style=\"text-align: center;\"><u>Prix indiqu\u00e9 incluant les billes de polysturene et la livraison *<\/u><\/div>\n<div style=\"text-align: center;\"><a class=\"link-highlight\" href=\"https:\/\/soosantai.eu\/fr\/santai-club\/\"><u>Voir Notre Gall\u00e9rie<\/u><\/a><\/div>\n<p style=\"text-align: center;\">SANTA\u00ef relax par excellence, le LAZY BRO Ext\u00e9rieur est parfait pour se d\u00e9tendre dans votre jardin, sur votre terrasse ou sur votre balcon gr\u00e2ce \u00e0 son faible encombrement. Sa position SOOOO relax vous assure un repos in\u00e9gal\u00e9\u2026saurez-vous seulement y \u00e9chapper ?<\/p>\n","protected":false},"featured_media":2826,"comment_status":"open","ping_status":"closed","template":"","meta":{"pgc_meta":"","om_disable_all_campaigns":false,"_mi_skip_tracking":false,"_monsterinsights_sitenote_active":false,"_monsterinsights_sitenote_note":"","_monsterinsights_sitenote_category":0},"product_cat":[93,77,91],"product_tag":[],"class_list":{"0":"post-3490","1":"product","2":"type-product","3":"status-publish","4":"has-post-thumbnail","6":"product_cat-all-fr","7":"product_cat-exterieur","8":"product_cat-interieur","10":"first","11":"instock","12":"sale","13":"shipping-taxable","14":"purchasable","15":"product-type-variable"},"aioseo_notices":[],"_links":{"self":[{"href":"https:\/\/soosantai.eu\/fr\/wp-json\/wp\/v2\/product\/3490","targetHints":{"allow":["GET"]}}],"collection":[{"href":"https:\/\/soosantai.eu\/fr\/wp-json\/wp\/v2\/product"}],"about":[{"href":"https:\/\/soosantai.eu\/fr\/wp-json\/wp\/v2\/types\/product"}],"replies":[{"embeddable":true,"href":"https:\/\/soosantai.eu\/fr\/wp-json\/wp\/v2\/comments?post=3490"}],"version-history":[{"count":4,"href":"https:\/\/soosantai.eu\/fr\/wp-json\/wp\/v2\/product\/3490\/revisions"}],"predecessor-version":[{"id":4966,"href":"https:\/\/soosantai.eu\/fr\/wp-json\/wp\/v2\/product\/3490\/revisions\/4966"}],"wp:featuredmedia":[{"embeddable":true,"href":"https:\/\/soosantai.eu\/fr\/wp-json\/wp\/v2\/media\/2826"}],"wp:attachment":[{"href":"https:\/\/soosantai.eu\/fr\/wp-json\/wp\/v2\/media?parent=3490"}],"wp:term":[{"taxonomy":"product_cat","embeddable":true,"href":"https:\/\/soosantai.eu\/fr\/wp-json\/wp\/v2\/product_cat?post=3490"},{"taxonomy":"product_tag","embeddable":true,"href":"https:\/\/soosantai.eu\/fr\/wp-json\/wp\/v2\/product_tag?post=3490"}],"curies":[{"name":"wp","href":"https:\/\/api.w.org\/{rel}","templated":true}]}}